{"id":15852,"date":"2022-03-07T19:04:10","date_gmt":"2022-03-07T18:04:10","guid":{"rendered":"https:\/\/fondu.store\/lieferung-und-zahlung\/"},"modified":"2022-07-08T23:07:05","modified_gmt":"2022-07-08T21:07:05","slug":"lieferung-und-zahlung","status":"publish","type":"page","link":"https:\/\/fondu.store\/de\/lieferung-und-zahlung\/","title":{"rendered":"Lieferung und Zahlung"},"content":{"rendered":"<div class=\"wpb-content-wrapper\"><p>[vc_row full_width=&#8221;stretch_row&#8221; mobile_bg_img_hidden=&#8221;no&#8221; tablet_bg_img_hidden=&#8221;no&#8221; woodmart_parallax=&#8221;0&#8243; woodmart_gradient_switch=&#8221;no&#8221; row_reverse_mobile=&#8221;0&#8243; row_reverse_tablet=&#8221;0&#8243; woodmart_disable_overflow=&#8221;0&#8243; css=&#8221;.vc_custom_1646660597287{margin-top: 0px !important;padding-top: 0px !important;background-color: #eeece9 !important;}&#8221;][vc_column][vc_row_inner css=&#8221;.vc_custom_1646676647723{padding-top: 0px !important;}&#8221; row_reverse_mobile=&#8221;0&#8243; row_reverse_tablet=&#8221;0&#8243;][vc_column_inner width=&#8221;1\/5&#8243; offset=&#8221;vc_hidden-xs&#8221; woodmart_css_id=&#8221;62441b5d85849&#8243; parallax_scroll=&#8221;no&#8221; woodmart_sticky_column=&#8221;false&#8221; wd_collapsible_content_switcher=&#8221;no&#8221; wd_column_role_offcanvas_desktop=&#8221;no&#8221; wd_column_role_offcanvas_tablet=&#8221;no&#8221; wd_column_role_offcanvas_mobile=&#8221;no&#8221; wd_column_role_content_desktop=&#8221;no&#8221; wd_column_role_content_tablet=&#8221;no&#8221; wd_column_role_content_mobile=&#8221;no&#8221; mobile_bg_img_hidden=&#8221;no&#8221; tablet_bg_img_hidden=&#8221;no&#8221; woodmart_parallax=&#8221;0&#8243; woodmart_box_shadow=&#8221;no&#8221; responsive_spacing=&#8221;eyJwYXJhbV90eXBlIjoid29vZG1hcnRfcmVzcG9uc2l2ZV9zcGFjaW5nIiwic2VsZWN0b3JfaWQiOiI2MjQ0MWI1ZDg1ODQ5Iiwic2hvcnRjb2RlIjoidmNfY29sdW1uX2lubmVyIiwiZGF0YSI6eyJ0YWJsZXQiOnt9LCJtb2JpbGUiOnt9fX0=&#8221; wd_z_index=&#8221;no&#8221;][\/vc_column_inner][vc_column_inner width=&#8221;3\/5&#8243;][vc_empty_space height=&#8221;10px&#8221; woodmart_hide_large=&#8221;0&#8243; woodmart_hide_medium=&#8221;0&#8243; woodmart_hide_small=&#8221;0&#8243; woodmart_hide_extra_small=&#8221;0&#8243;][vc_column_text woodmart_inline=&#8221;no&#8221; text_larger=&#8221;no&#8221; css=&#8221;.vc_custom_1656509092909{margin-top: 18px !important;margin-bottom: 0px !important;padding-bottom: 18px !important;}&#8221;]<\/p>\n<p style=\"text-align: center;\"><span style=\"color: #000000; font-size: 16px; letter-spacing: 0.1em;\">Lieferung und Zahlung<\/span><\/p>\n<p>[\/vc_column_text][vc_column_text woodmart_inline=&#8221;no&#8221; text_larger=&#8221;no&#8221; css=&#8221;.vc_custom_1656509111779{padding-right: 5% !important;padding-left: 5% !important;}&#8221;]<\/p>\n<p style=\"text-align: center;\"><strong><span style=\"color: #757069; font-size: 14px; letter-spacing: 0.02em;\">HINWEIS!<br \/>\nAchten Sie darauf, das Produkt im Beisein des Kuriers auspacken!<br \/>\nIm Falle einer Besch\u00e4digung des Erzeugnisses muss ein Schadensbericht erstellt werden, indem das Kurierformular ausgef\u00fcllt wird.<br \/>\nDas Vers\u00e4umnis, einen Schadensbericht einzureichen, f\u00fchrt dazu, dass die Marke Fondu Furniture die Kosten f\u00fcr die Reparatur oder den Ersatz des Produkts nicht \u00fcbernimmt.<\/span><\/strong><\/p>\n<p>[\/vc_column_text][vc_empty_space height=&#8221;60px&#8221; woodmart_hide_large=&#8221;0&#8243; woodmart_hide_medium=&#8221;0&#8243; woodmart_hide_small=&#8221;0&#8243; woodmart_hide_extra_small=&#8221;0&#8243;][\/vc_column_inner][vc_column_inner width=&#8221;1\/5&#8243; offset=&#8221;vc_hidden-xs&#8221; woodmart_css_id=&#8221;62441b6294568&#8243; parallax_scroll=&#8221;no&#8221; woodmart_sticky_column=&#8221;false&#8221; wd_collapsible_content_switcher=&#8221;no&#8221; wd_column_role_offcanvas_desktop=&#8221;no&#8221; wd_column_role_offcanvas_tablet=&#8221;no&#8221; wd_column_role_offcanvas_mobile=&#8221;no&#8221; wd_column_role_content_desktop=&#8221;no&#8221; wd_column_role_content_tablet=&#8221;no&#8221; wd_column_role_content_mobile=&#8221;no&#8221; mobile_bg_img_hidden=&#8221;no&#8221; tablet_bg_img_hidden=&#8221;no&#8221; woodmart_parallax=&#8221;0&#8243; woodmart_box_shadow=&#8221;no&#8221; responsive_spacing=&#8221;eyJwYXJhbV90eXBlIjoid29vZG1hcnRfcmVzcG9uc2l2ZV9zcGFjaW5nIiwic2VsZWN0b3JfaWQiOiI2MjQ0MWI2Mjk0NTY4Iiwic2hvcnRjb2RlIjoidmNfY29sdW1uX2lubmVyIiwiZGF0YSI6eyJ0YWJsZXQiOnt9LCJtb2JpbGUiOnt9fX0=&#8221; wd_z_index=&#8221;no&#8221;][\/vc_column_inner][\/vc_row_inner][\/vc_column][\/vc_row][vc_row full_width=&#8221;stretch_row&#8221; mobile_bg_img_hidden=&#8221;no&#8221; tablet_bg_img_hidden=&#8221;no&#8221; woodmart_parallax=&#8221;0&#8243; woodmart_gradient_switch=&#8221;no&#8221; row_reverse_mobile=&#8221;0&#8243; row_reverse_tablet=&#8221;0&#8243; woodmart_disable_overflow=&#8221;0&#8243; css=&#8221;.vc_custom_1646672025063{margin-bottom: 80px !important;}&#8221;][vc_column][vc_row_inner css=&#8221;.vc_custom_1646671991411{margin-top: 10px !important;padding-top: 0px !important;}&#8221; row_reverse_mobile=&#8221;0&#8243; row_reverse_tablet=&#8221;0&#8243;][vc_column_inner width=&#8221;1\/5&#8243; offset=&#8221;vc_hidden-xs&#8221; woodmart_css_id=&#8221;62441b6d20350&#8243; parallax_scroll=&#8221;no&#8221; woodmart_sticky_column=&#8221;false&#8221; wd_collapsible_content_switcher=&#8221;no&#8221; wd_column_role_offcanvas_desktop=&#8221;no&#8221; wd_column_role_offcanvas_tablet=&#8221;no&#8221; wd_column_role_offcanvas_mobile=&#8221;no&#8221; wd_column_role_content_desktop=&#8221;no&#8221; wd_column_role_content_tablet=&#8221;no&#8221; wd_column_role_content_mobile=&#8221;no&#8221; mobile_bg_img_hidden=&#8221;no&#8221; tablet_bg_img_hidden=&#8221;no&#8221; woodmart_parallax=&#8221;0&#8243; woodmart_box_shadow=&#8221;no&#8221; responsive_spacing=&#8221;eyJwYXJhbV90eXBlIjoid29vZG1hcnRfcmVzcG9uc2l2ZV9zcGFjaW5nIiwic2VsZWN0b3JfaWQiOiI2MjQ0MWI2ZDIwMzUwIiwic2hvcnRjb2RlIjoidmNfY29sdW1uX2lubmVyIiwiZGF0YSI6eyJ0YWJsZXQiOnt9LCJtb2JpbGUiOnt9fX0=&#8221; wd_z_index=&#8221;no&#8221;][\/vc_column_inner][vc_column_inner width=&#8221;3\/5&#8243;][vc_column_text woodmart_inline=&#8221;no&#8221; text_larger=&#8221;no&#8221; css=&#8221;.vc_custom_1656509103493{padding-right: 5% !important;padding-left: 5% !important;}&#8221;]<\/p>\n<p style=\"text-align: center;\"><span style=\"color: #757069; font-size: 16px; letter-spacing: 0.02em;\"><strong>Zahlungsbedingungen<\/strong><\/span><\/p>\n<p style=\"text-align: center;\"><span style=\"color: #757069; font-size: 14px; letter-spacing: 0.02em;\">Jede Bestellung wird nach Buchung der Zahlung bearbeitet \u2013 Fondu verschickt seine Ware nicht per Nachnahme. Sie k\u00f6nnen wahlweise per Vorkasse, Bankeinzug, Kreditkarte, Nachnahme oder Rechnung bezahlen.<\/span><\/p>\n<p>[\/vc_column_text][vc_column_text woodmart_inline=&#8221;no&#8221; text_larger=&#8221;no&#8221; css=&#8221;.vc_custom_1656509129036{padding-right: 5% !important;padding-left: 5% !important;}&#8221;]<\/p>\n<p style=\"text-align: center;\"><span style=\"color: #757069; font-size: 16px; letter-spacing: 0.02em;\"><strong>Lieferung<\/strong><\/span><\/p>\n<p style=\"text-align: center;\"><span style=\"color: #757069; font-size: 14px; letter-spacing: 0.02em;\">Alle Sendungen sind ordnungsgem\u00e4\u00df gesichert, um Sch\u00e4den w\u00e4hrend des Transports vorzubeugen. Der Gro\u00dfteil der M\u00f6bel wird \u00fcber zuverl\u00e4ssige Kurierunternehmen verschickt \u2013 im Falle von gr\u00f6\u00dferen M\u00f6beln erfolgt die Lieferung mit dem Palettenversand. Der Versand erfolgt per Kurierdienst: DB Schenker.<\/span><\/p>\n<p style=\"text-align: center;\"><span style=\"color: #757069; font-size: 14px; letter-spacing: 0.02em;\">Um weitere Informationen zur Zahlung und Lieferung zu erhalten, wenden Sie sich bitte an unseren Kundenservice:<br \/>\n<a href=\"mailto:office@fondu.pl\"><strong><span style=\"color: #757069; font-size: 14px; letter-spacing: 0.02em;\"> office@fondu.pl<\/span><\/strong><\/a><\/span><\/p>\n<p>[\/vc_column_text][\/vc_column_inner][vc_column_inner width=&#8221;1\/5&#8243; offset=&#8221;vc_hidden-xs&#8221; woodmart_css_id=&#8221;62441b6758b88&#8243; parallax_scroll=&#8221;no&#8221; woodmart_sticky_column=&#8221;false&#8221; wd_collapsible_content_switcher=&#8221;no&#8221; wd_column_role_offcanvas_desktop=&#8221;no&#8221; wd_column_role_offcanvas_tablet=&#8221;no&#8221; wd_column_role_offcanvas_mobile=&#8221;no&#8221; wd_column_role_content_desktop=&#8221;no&#8221; wd_column_role_content_tablet=&#8221;no&#8221; wd_column_role_content_mobile=&#8221;no&#8221; mobile_bg_img_hidden=&#8221;no&#8221; tablet_bg_img_hidden=&#8221;no&#8221; woodmart_parallax=&#8221;0&#8243; woodmart_box_shadow=&#8221;no&#8221; responsive_spacing=&#8221;eyJwYXJhbV90eXBlIjoid29vZG1hcnRfcmVzcG9uc2l2ZV9zcGFjaW5nIiwic2VsZWN0b3JfaWQiOiI2MjQ0MWI2NzU4Yjg4Iiwic2hvcnRjb2RlIjoidmNfY29sdW1uX2lubmVyIiwiZGF0YSI6eyJ0YWJsZXQiOnt9LCJtb2JpbGUiOnt9fX0=&#8221; wd_z_index=&#8221;no&#8221;][\/vc_column_inner][\/vc_row_inner][\/vc_column][\/vc_row][vc_row][vc_column offset=&#8221;vc_hidden-md vc_hidden-sm vc_hidden-xs&#8221; woodmart_css_id=&#8221;6244243cc8cdb&#8221; parallax_scroll=&#8221;no&#8221; woodmart_sticky_column=&#8221;false&#8221; wd_collapsible_content_switcher=&#8221;no&#8221; wd_column_role_offcanvas_desktop=&#8221;no&#8221; wd_column_role_offcanvas_tablet=&#8221;no&#8221; wd_column_role_offcanvas_mobile=&#8221;no&#8221; wd_column_role_content_desktop=&#8221;no&#8221; wd_column_role_content_tablet=&#8221;no&#8221; wd_column_role_content_mobile=&#8221;no&#8221; mobile_bg_img_hidden=&#8221;no&#8221; tablet_bg_img_hidden=&#8221;no&#8221; woodmart_parallax=&#8221;0&#8243; woodmart_box_shadow=&#8221;no&#8221; responsive_spacing=&#8221;eyJwYXJhbV90eXBlIjoid29vZG1hcnRfcmVzcG9uc2l2ZV9zcGFjaW5nIiwic2VsZWN0b3JfaWQiOiI2MjQ0MjQzY2M4Y2RiIiwic2hvcnRjb2RlIjoidmNfY29sdW1uIiwiZGF0YSI6eyJ0YWJsZXQiOnt9LCJtb2JpbGUiOnt9fX0=&#8221; mobile_reset_margin=&#8221;no&#8221; tablet_reset_margin=&#8221;no&#8221; wd_z_index=&#8221;no&#8221;][vc_column_text woodmart_inline=&#8221;no&#8221; text_larger=&#8221;no&#8221;]<div class=\"left-menu-info\">Lieferung und Zahlung<\/div>[\/vc_column_text][\/vc_column][\/vc_row]<\/p>\n<\/div>","protected":false},"excerpt":{"rendered":"<p>[vc_row full_width=&#8221;stretch_row&#8221; mobile_bg_img_hidden=&#8221;no&#8221; tablet_bg_img_hidden=&#8221;no&#8221; woodmart_parallax=&#8221;0&#8243; woodmart_gradient_switch=&#8221;no&#8221; row_reverse_mobile=&#8221;0&#8243; row_reverse_tablet=&#8221;0&#8243; woodmart_disable_overflow=&#8221;0&#8243; css=&#8221;.vc_custom_1646660597287{margin-top: 0px !important;padding-top: 0px !important;background-color: #eeece9 !important;}&#8221;][vc_column][vc_row_inner css=&#8221;.vc_custom_1646676647723{padding-top: 0px !important;}&#8221; row_reverse_mobile=&#8221;0&#8243;<\/p>\n","protected":false},"author":1,"featured_media":0,"parent":0,"menu_order":0,"comment_status":"closed","ping_status":"closed","template":"","meta":{"_acf_changed":false,"footnotes":""},"class_list":["post-15852","page","type-page","status-publish","hentry"],"acf":[],"yoast_head":"<!-- This site is optimized with the Yoast SEO plugin v24.7 - https:\/\/yoast.com\/wordpress\/plugins\/seo\/ -->\n<title>Lieferung und Zahlung - Fondu<\/title>\n<meta name=\"robots\" content=\"index, follow, max-snippet:-1, max-image-preview:large, max-video-preview:-1\" \/>\n<link rel=\"canonical\" href=\"https:\/\/fondu.store\/de\/lieferung-und-zahlung\/\" \/>\n<meta property=\"og:locale\" content=\"de_DE\" \/>\n<meta property=\"og:type\" content=\"article\" \/>\n<meta property=\"og:title\" content=\"Lieferung und Zahlung - Fondu\" \/>\n<meta property=\"og:description\" content=\"[vc_row full_width=&#8221;stretch_row&#8221; mobile_bg_img_hidden=&#8221;no&#8221; tablet_bg_img_hidden=&#8221;no&#8221; woodmart_parallax=&#8221;0&#8243; woodmart_gradient_switch=&#8221;no&#8221; row_reverse_mobile=&#8221;0&#8243; row_reverse_tablet=&#8221;0&#8243; woodmart_disable_overflow=&#8221;0&#8243; css=&#8221;.vc_custom_1646660597287{margin-top: 0px !important;padding-top: 0px !important;background-color: #eeece9 !important;}&#8221;][vc_column][vc_row_inner css=&#8221;.vc_custom_1646676647723{padding-top: 0px !important;}&#8221; row_reverse_mobile=&#8221;0&#8243;\" \/>\n<meta property=\"og:url\" content=\"https:\/\/fondu.store\/de\/lieferung-und-zahlung\/\" \/>\n<meta property=\"og:site_name\" content=\"Fondu\" \/>\n<meta property=\"article:publisher\" content=\"https:\/\/www.facebook.com\/fondufurniture\/\" \/>\n<meta property=\"article:modified_time\" content=\"2022-07-08T21:07:05+00:00\" \/>\n<meta name=\"twitter:card\" content=\"summary_large_image\" \/>\n<meta name=\"twitter:label1\" content=\"Gesch\u00e4tzte Lesezeit\" \/>\n\t<meta name=\"twitter:data1\" content=\"5\u00a0Minuten\" \/>\n<script type=\"application\/ld+json\" class=\"yoast-schema-graph\">{\"@context\":\"https:\/\/schema.org\",\"@graph\":[{\"@type\":\"WebPage\",\"@id\":\"https:\/\/fondu.store\/de\/lieferung-und-zahlung\/\",\"url\":\"https:\/\/fondu.store\/de\/lieferung-und-zahlung\/\",\"name\":\"Lieferung und Zahlung - Fondu\",\"isPartOf\":{\"@id\":\"https:\/\/fondu.store\/de\/#website\"},\"datePublished\":\"2022-03-07T18:04:10+00:00\",\"dateModified\":\"2022-07-08T21:07:05+00:00\",\"breadcrumb\":{\"@id\":\"https:\/\/fondu.store\/de\/lieferung-und-zahlung\/#breadcrumb\"},\"inLanguage\":\"de\",\"potentialAction\":[{\"@type\":\"ReadAction\",\"target\":[\"https:\/\/fondu.store\/de\/lieferung-und-zahlung\/\"]}]},{\"@type\":\"BreadcrumbList\",\"@id\":\"https:\/\/fondu.store\/de\/lieferung-und-zahlung\/#breadcrumb\",\"itemListElement\":[{\"@type\":\"ListItem\",\"position\":1,\"name\":\"Startseite\",\"item\":\"https:\/\/fondu.store\/de\/\"},{\"@type\":\"ListItem\",\"position\":2,\"name\":\"Lieferung und Zahlung\"}]},{\"@type\":\"WebSite\",\"@id\":\"https:\/\/fondu.store\/de\/#website\",\"url\":\"https:\/\/fondu.store\/de\/\",\"name\":\"Fondu\",\"description\":\"Odkryj blask unikalnego designu\",\"publisher\":{\"@id\":\"https:\/\/fondu.store\/de\/#organization\"},\"potentialAction\":[{\"@type\":\"SearchAction\",\"target\":{\"@type\":\"EntryPoint\",\"urlTemplate\":\"https:\/\/fondu.store\/de\/?s={search_term_string}\"},\"query-input\":{\"@type\":\"PropertyValueSpecification\",\"valueRequired\":true,\"valueName\":\"search_term_string\"}}],\"inLanguage\":\"de\"},{\"@type\":\"Organization\",\"@id\":\"https:\/\/fondu.store\/de\/#organization\",\"name\":\"Fondu\",\"url\":\"https:\/\/fondu.store\/de\/\",\"logo\":{\"@type\":\"ImageObject\",\"inLanguage\":\"de\",\"@id\":\"https:\/\/fondu.store\/de\/#\/schema\/logo\/image\/\",\"url\":\"https:\/\/fondu.store\/wp-content\/uploads\/2021\/07\/fondu-logo-black.svg\",\"contentUrl\":\"https:\/\/fondu.store\/wp-content\/uploads\/2021\/07\/fondu-logo-black.svg\",\"width\":1219,\"height\":348,\"caption\":\"Fondu\"},\"image\":{\"@id\":\"https:\/\/fondu.store\/de\/#\/schema\/logo\/image\/\"},\"sameAs\":[\"https:\/\/www.facebook.com\/fondufurniture\/\",\"https:\/\/www.instagram.com\/fondu_design\/\",\"https:\/\/pinterest.com\/fondu_furniture\/\"]}]}<\/script>\n<!-- \/ Yoast SEO plugin. -->","yoast_head_json":{"title":"Lieferung und Zahlung - Fondu","robots":{"index":"index","follow":"follow","max-snippet":"max-snippet:-1","max-image-preview":"max-image-preview:large","max-video-preview":"max-video-preview:-1"},"canonical":"https:\/\/fondu.store\/de\/lieferung-und-zahlung\/","og_locale":"de_DE","og_type":"article","og_title":"Lieferung und Zahlung - Fondu","og_description":"[vc_row full_width=&#8221;stretch_row&#8221; mobile_bg_img_hidden=&#8221;no&#8221; tablet_bg_img_hidden=&#8221;no&#8221; woodmart_parallax=&#8221;0&#8243; woodmart_gradient_switch=&#8221;no&#8221; row_reverse_mobile=&#8221;0&#8243; row_reverse_tablet=&#8221;0&#8243; woodmart_disable_overflow=&#8221;0&#8243; css=&#8221;.vc_custom_1646660597287{margin-top: 0px !important;padding-top: 0px !important;background-color: #eeece9 !important;}&#8221;][vc_column][vc_row_inner css=&#8221;.vc_custom_1646676647723{padding-top: 0px !important;}&#8221; row_reverse_mobile=&#8221;0&#8243;","og_url":"https:\/\/fondu.store\/de\/lieferung-und-zahlung\/","og_site_name":"Fondu","article_publisher":"https:\/\/www.facebook.com\/fondufurniture\/","article_modified_time":"2022-07-08T21:07:05+00:00","twitter_card":"summary_large_image","twitter_misc":{"Gesch\u00e4tzte Lesezeit":"5\u00a0Minuten"},"schema":{"@context":"https:\/\/schema.org","@graph":[{"@type":"WebPage","@id":"https:\/\/fondu.store\/de\/lieferung-und-zahlung\/","url":"https:\/\/fondu.store\/de\/lieferung-und-zahlung\/","name":"Lieferung und Zahlung - Fondu","isPartOf":{"@id":"https:\/\/fondu.store\/de\/#website"},"datePublished":"2022-03-07T18:04:10+00:00","dateModified":"2022-07-08T21:07:05+00:00","breadcrumb":{"@id":"https:\/\/fondu.store\/de\/lieferung-und-zahlung\/#breadcrumb"},"inLanguage":"de","potentialAction":[{"@type":"ReadAction","target":["https:\/\/fondu.store\/de\/lieferung-und-zahlung\/"]}]},{"@type":"BreadcrumbList","@id":"https:\/\/fondu.store\/de\/lieferung-und-zahlung\/#breadcrumb","itemListElement":[{"@type":"ListItem","position":1,"name":"Startseite","item":"https:\/\/fondu.store\/de\/"},{"@type":"ListItem","position":2,"name":"Lieferung und Zahlung"}]},{"@type":"WebSite","@id":"https:\/\/fondu.store\/de\/#website","url":"https:\/\/fondu.store\/de\/","name":"Fondu","description":"Odkryj blask unikalnego designu","publisher":{"@id":"https:\/\/fondu.store\/de\/#organization"},"potentialAction":[{"@type":"SearchAction","target":{"@type":"EntryPoint","urlTemplate":"https:\/\/fondu.store\/de\/?s={search_term_string}"},"query-input":{"@type":"PropertyValueSpecification","valueRequired":true,"valueName":"search_term_string"}}],"inLanguage":"de"},{"@type":"Organization","@id":"https:\/\/fondu.store\/de\/#organization","name":"Fondu","url":"https:\/\/fondu.store\/de\/","logo":{"@type":"ImageObject","inLanguage":"de","@id":"https:\/\/fondu.store\/de\/#\/schema\/logo\/image\/","url":"https:\/\/fondu.store\/wp-content\/uploads\/2021\/07\/fondu-logo-black.svg","contentUrl":"https:\/\/fondu.store\/wp-content\/uploads\/2021\/07\/fondu-logo-black.svg","width":1219,"height":348,"caption":"Fondu"},"image":{"@id":"https:\/\/fondu.store\/de\/#\/schema\/logo\/image\/"},"sameAs":["https:\/\/www.facebook.com\/fondufurniture\/","https:\/\/www.instagram.com\/fondu_design\/","https:\/\/pinterest.com\/fondu_furniture\/"]}]}},"_links":{"self":[{"href":"https:\/\/fondu.store\/de\/wp-json\/wp\/v2\/pages\/15852"}],"collection":[{"href":"https:\/\/fondu.store\/de\/wp-json\/wp\/v2\/pages"}],"about":[{"href":"https:\/\/fondu.store\/de\/wp-json\/wp\/v2\/types\/page"}],"author":[{"embeddable":true,"href":"https:\/\/fondu.store\/de\/wp-json\/wp\/v2\/users\/1"}],"replies":[{"embeddable":true,"href":"https:\/\/fondu.store\/de\/wp-json\/wp\/v2\/comments?post=15852"}],"version-history":[{"count":0,"href":"https:\/\/fondu.store\/de\/wp-json\/wp\/v2\/pages\/15852\/revisions"}],"wp:attachment":[{"href":"https:\/\/fondu.store\/de\/wp-json\/wp\/v2\/media?parent=15852"}],"curies":[{"name":"wp","href":"https:\/\/api.w.org\/{rel}","templated":true}]}}